{"id":1459,"date":"2021-03-23T22:13:53","date_gmt":"2021-03-23T21:13:53","guid":{"rendered":"https:\/\/ardinnovation.no\/?page_id=1459"},"modified":"2024-07-29T13:49:17","modified_gmt":"2024-07-29T11:49:17","slug":"1459-2","status":"publish","type":"page","link":"https:\/\/ardinnovation.no\/en\/1459-2\/","title":{"rendered":"Campus \u00c5s"},"content":{"rendered":"<section class=\"sub-page-hero\" >\n    <div class=\"row\">\n        <div class=\"columns small-12 large-6 large-offset-3\">\n\n            <h1 class=\"hero-title\">Campus \u00c5s<\/h1>\n\n                            <p class=\"hero-text\">Campus \u00c5s is Norway&#8217;s largest interdisciplinary professional environment within environmental and life sciences, and is located in \u00c5s municipality, 30 minutes&#8217; drive from Oslo.<\/p>\n            \n        <\/div>\n    <\/div>\n<\/section>\n\n\n<section class=\"text-and-image \">\n    <div class=\"row\">\n        <div class=\"columns small-12 large-5\">\n\n            <div class=\"text-wrapper\">\n                                    <h2 class=\"header\">Solutions for a better future<\/h2>\n                \n                                    <p class=\"text\">In total, Campus \u00c5s covers an area of 6,000 acres where Nofima, the Veterinary Institute, NMBU, NIBIO are co-located. Campus \u00c5s houses one of the country&#8217;s most beautiful parks, which surrounds the historic buildings. Ard Innovation and Aggrator Inkubator \u00c5s are important supporters of increased innovation on Campus \u00c5s. Together we work under a common objective; Solutions for a better future.<\/p>\n                \n                            <\/div>\n\n        <\/div>\n\n        <div class=\"columns small-12 large-6 large-offset-1\">\n            <div class=\"image-wrapper\">\n                                    <div class=\"image\" style=\"background-image: url(https:\/\/ardinnovation.no\/wp-content\/uploads\/2022\/09\/NMBU-060136-scaled.jpg)\"><\/div>\n                    <div class=\"image-border\" style=\"border: solid 2px #fff2c7\"><\/div>\n                            <\/div>\n        <\/div>\n    <\/div>\n<\/section>\n\n\n<section class=\"text-box\">\n\n    <div class=\"row\">\n        <div class=\"columns small-12 inner\">\n\n                            <h3 class=\"header\">The ecosystem for innovation at Campus \u00c5s<\/h3>\n            \n                            <div class=\"text\"><p>To ensure that research results and good ideas are applied in society, there are several actors who contribute.<\/p>\n<p>Ard Innovation collaborates with Aggrator Incubator \u00c5s, which further develops start-up companies that have been established as a result of research generated at NIBIO and NMBU.<\/p>\n<p>Ard Innovation regularly meets the other actors on Campus \u00c5s: Nofima, the Veterinary Institute, NMBU, NIBIO and Aggrator Incubator \u00c5s to strengthen cooperation on innovation within a common goal; Solutions for a better future. The actors at Campus \u00c5s work actively to develop networks towards industry and business, with particular emphasis on sustainability and social benefit.<\/p>\n<p>NMBU also has several offers for students. One of these is Eik Lab, which is for student innovation and which works to increase the work relevance for students through problem solving with business and the realization of students&#8217; ideas.<\/p>\n<p>&nbsp;<\/p>\n<p><img decoding=\"async\" src=\"http:\/\/ardinnovation.no\/wp-content\/uploads\/2022\/09\/Baerekrafts-arenaene-3-1024x682.png\" \/><\/p>\n<\/div>\n            \n                            <a class=\"button secondary arrow on-right-to-right\" href=\"https:\/\/www.aggrator.no\" target=\"_blank\">Read more about Aggrator Incubator \u00c5s<\/a>\n            \n        <\/div>\n    <\/div>\n\n<\/section>\n","protected":false},"excerpt":{"rendered":"","protected":false},"author":1,"featured_media":0,"parent":0,"menu_order":9,"comment_status":"closed","ping_status":"closed","template":"","meta":{"_acf_changed":false,"footnotes":""},"class_list":["post-1459","page","type-page","status-publish","hentry"],"acf":[],"_links":{"self":[{"href":"https:\/\/ardinnovation.no\/en\/wp-json\/wp\/v2\/pages\/1459"}],"collection":[{"href":"https:\/\/ardinnovation.no\/en\/wp-json\/wp\/v2\/pages"}],"about":[{"href":"https:\/\/ardinnovation.no\/en\/wp-json\/wp\/v2\/types\/page"}],"author":[{"embeddable":true,"href":"https:\/\/ardinnovation.no\/en\/wp-json\/wp\/v2\/users\/1"}],"replies":[{"embeddable":true,"href":"https:\/\/ardinnovation.no\/en\/wp-json\/wp\/v2\/comments?post=1459"}],"version-history":[{"count":0,"href":"https:\/\/ardinnovation.no\/en\/wp-json\/wp\/v2\/pages\/1459\/revisions"}],"wp:attachment":[{"href":"https:\/\/ardinnovation.no\/en\/wp-json\/wp\/v2\/media?parent=1459"}],"curies":[{"name":"wp","href":"https:\/\/api.w.org\/{rel}","templated":true}]}}