{"id":1455,"date":"2021-05-11T11:00:42","date_gmt":"2021-05-11T09:00:42","guid":{"rendered":"https:\/\/ardinnovation.no\/?page_id=1455"},"modified":"2022-11-29T11:57:01","modified_gmt":"2022-11-29T10:57:01","slug":"events","status":"publish","type":"page","link":"https:\/\/ardinnovation.no\/en\/events\/","title":{"rendered":"Events"},"content":{"rendered":"<section class=\"sub-page-hero\" >\n    <div class=\"row\">\n        <div class=\"columns small-12 large-6 large-offset-3\">\n\n            <h1 class=\"hero-title\">Arrangementer<\/h1>\n\n                            <p class=\"hero-text\">Her finner du en oversikt over kommende arrangementer i regi av Ard. <\/p>\n            \n        <\/div>\n    <\/div>\n<\/section>\n\n\n\n<section class=\"news no-margin\">\n\n        <div class=\"row\">\n            <\/div>\n\n\n                        <div class=\"row\">\n                                    \n                        \n                            <div class=\"columns small-12 medium-6 image featured-article\">\n\n                                <a href=\"https:\/\/ardinnovation.no\/europas-ledende-investor-nettverk-besoker-as\/\">\n                                    <div \n                                    class=\"featured-article-image\"\n                                    style=\"background-image: url(https:\/\/ardinnovation.no\/wp-content\/uploads\/2022\/11\/techtour2-1-e1671002950768-623x459.png)\"\n                                    title=\"\"\n                                    ><\/div>\n                                <\/a>\n                            <\/div>\n\n                            <div class=\"columns small-12 medium-6 featured-article\">\n                                <div class=\"featured-article-text\">\n                                    <h4\n                                        style=\"color: \" \n                                        class=\"category-name\">Arrangementer                                    <\/h4>\n                                    <h3 class=\"title\">Ledende Europeisk investor-nettverk til \u00c5s<\/h3>\n\t\t\t\t\t\t\t\t\t<p class=\"excerpt dotify\">Tech Tour er et av de st\u00f8rste investororienterte teknologi nettverkene i Europa. De kobler gr\u00fcndere, investorer og bedriftspartnere fra hele verden sammen.<\/p>\n                                    <a class=\"button secondary\" href=\"https:\/\/ardinnovation.no\/europas-ledende-investor-nettverk-besoker-as\/\">Les mer<\/a>\n                                    <p class=\"date\">24 \/ Nov \/ 2022<\/p>\n                                <\/div>\n                            <\/div>\n\n                                                    \n                                                        \n                        \n                            <div class=\"columns small-12 medium-6 image featured-article\">\n\n                                <a href=\"https:\/\/ardinnovation.no\/frokostmote-16-nov-det-er-gull-i-gronne-skoger-digitalisering-i-skogbruket\/\">\n                                    <div \n                                    class=\"featured-article-image\"\n                                    style=\"background-image: url(https:\/\/ardinnovation.no\/wp-content\/uploads\/2022\/11\/2022-11-16_frokostmote_sfi-smart_forrest3-e1667385348974-623x459.png)\"\n                                    title=\"\"\n                                    ><\/div>\n                                <\/a>\n                            <\/div>\n\n                            <div class=\"columns small-12 medium-6 featured-article\">\n                                <div class=\"featured-article-text\">\n                                    <h4\n                                        style=\"color: \" \n                                        class=\"category-name\">Arrangementer                                    <\/h4>\n                                    <h3 class=\"title\">Frokostm\u00f8te 16. nov. \u2013 Det er gull i gr\u00f8nne skoger; Digitalisering i skogbruket<\/h3>\n\t\t\t\t\t\t\t\t\t<p class=\"excerpt dotify\">Hvordan jobbes det med digitalisering i skogn\u00e6ringen? Det kan du h\u00f8re mer om p\u00e5 frokostm\u00f8tet 16. november hvor SmartForest, et senter for forsknigsdrevet\u2026<\/p>\n                                    <a class=\"button secondary\" href=\"https:\/\/ardinnovation.no\/frokostmote-16-nov-det-er-gull-i-gronne-skoger-digitalisering-i-skogbruket\/\">Les mer<\/a>\n                                    <p class=\"date\">02 \/ Nov \/ 2022<\/p>\n                                <\/div>\n                            <\/div>\n\n                                                    \n                                                        \n                        \n                            <div class=\"columns small-12 medium-6\">\n                                <div class=\"article\">\n                                    <h4\n                                        style=\"color: \" \n                                        class=\"category-name\">Arrangementer                                    <\/h4>\n                                    <h3 class=\"title\">Innovasjonsdagen 12.oktober 2022<\/h3>\n\t\t\t\t\t\t\t\t\t<p class=\"excerpt dotify\">Forskningsmilj\u00f8ene p\u00e5 \u00c5s tar for seg tematikken \u201cfremtidsrettet matproduksjon\u201d p\u00e5 Innovasjonsdagen i \u00e5r. Den 12. oktober kan du f\u00e5 se og h\u00f8re om flere av disse\u2026<\/p>\n                                    <a class=\"button secondary\" href=\"https:\/\/ardinnovation.no\/innovasjonsdagen-2\/\">Les mer<\/a>\n                                    <p class=\"date\">21 \/ Sep \/ 2022<\/p>\n                                <\/div>\n                            <\/div>\n\n                                                                                                            \n                        \n                            <div class=\"columns small-12 medium-6\">\n                                <div class=\"article\">\n                                    <h4\n                                        style=\"color: \" \n                                        class=\"category-name\">Arrangementer                                    <\/h4>\n                                    <h3 class=\"title\">Hvordan ta vare p\u00e5 immaterielle verdier?<\/h3>\n\t\t\t\t\t\t\t\t\t<p class=\"excerpt dotify\">Patenstyret inviterer til en prat om hvordan man kan ta vare p\u00e5 imateriell eiendom som patent, varemerke og design. Patentstyret og NMBU har inng\u00e5tt en\u2026<\/p>\n                                    <a class=\"button secondary\" href=\"https:\/\/ardinnovation.no\/hvordan-ta-vare-pa-immaterielle-verdier-som-patent-varemerke-og-design\/\">Les mer<\/a>\n                                    <p class=\"date\">21 \/ Sep \/ 2022<\/p>\n                                <\/div>\n                            <\/div>\n\n                                                                                                            \n                        \n                            <div class=\"columns small-12 medium-6 image featured-article\">\n\n                                <a href=\"https:\/\/ardinnovation.no\/deltagere-sokes-til-hackathon-og-ideutviklingsprogram-innen-mat-bioteknologi-og-bioressurser\/\">\n                                    <div \n                                    class=\"featured-article-image\"\n                                    style=\"background-image: url(https:\/\/ardinnovation.no\/wp-content\/uploads\/2022\/08\/NMBU-051151.jpg.iSfg7_jJMUANAA.wnhipFnug0-623x459.jpg)\"\n                                    title=\"\"\n                                    ><\/div>\n                                <\/a>\n                            <\/div>\n\n                            <div class=\"columns small-12 medium-6 featured-article\">\n                                <div class=\"featured-article-text\">\n                                    <h4\n                                        style=\"color: \" \n                                        class=\"category-name\">Arrangementer                                    <\/h4>\n                                    <h3 class=\"title\">Deltagere s\u00f8kes til hackathon og id\u00e9utviklingsprogram innen mat, bioteknologi og bioressurser<\/h3>\n\t\t\t\t\t\t\t\t\t<p class=\"excerpt dotify\">Ard og NMBU s\u00f8ker deltagere til \u201cNOBALIS Entrepreneurial and Innovation Capacity Development Programme\u201d som starter med et hackathon den 26.september.<\/p>\n                                    <a class=\"button secondary\" href=\"https:\/\/ardinnovation.no\/deltagere-sokes-til-hackathon-og-ideutviklingsprogram-innen-mat-bioteknologi-og-bioressurser\/\">Les mer<\/a>\n                                    <p class=\"date\">25 \/ Aug \/ 2022<\/p>\n                                <\/div>\n                            <\/div>\n\n                                                    \n                                                        \n                        \n                            <div class=\"columns small-12 medium-6\">\n                                <div class=\"article\">\n                                    <h4\n                                        style=\"color: \" \n                                        class=\"category-name\">Arrangementer                                    <\/h4>\n                                    <h3 class=\"title\">Frokostseminar &#8220;Fra Ide til Suksess&#8221; 19.mai 2022<\/h3>\n\t\t\t\t\t\t\t\t\t<p class=\"excerpt dotify\">I dette frokostm\u00f8tet vil du f\u00e5 kunnskap om hvordan mikroorganismer kan bedre helsen til fisk og planter. Du vil ogs\u00e5 f\u00e5 vite hvordan nye metoder kan bidra til \u00e5\u2026<\/p>\n                                    <a class=\"button secondary\" href=\"https:\/\/ardinnovation.no\/frokostseminar-fra-ide-til-suksess-19-mai-2022\/\">Les mer<\/a>\n                                    <p class=\"date\">05 \/ May \/ 2022<\/p>\n                                <\/div>\n                            <\/div>\n\n                                                                                                            \n                        \n                            <div class=\"columns small-12 medium-6\">\n                                <div class=\"article\">\n                                    <h4\n                                        style=\"color: \" \n                                        class=\"category-name\">Arrangementer                                    <\/h4>\n                                    <h3 class=\"title\">Frokostseminar &#8220;Fra Ide til Suksess&#8221; 06. april 2022<\/h3>\n\t\t\t\t\t\t\t\t\t<p class=\"excerpt dotify\">Har du noen ganger lurt p\u00e5 hvordan forskning p\u00e5 tarmbakterier kan bli en gr\u00fcndersuksess? Eller hvordan kan f\u00f4ringredienser i fremtiden styrke immunforsvaret til\u2026<\/p>\n                                    <a class=\"button secondary\" href=\"https:\/\/ardinnovation.no\/frokostmote-om-mikrober-i-vitenparken-campus-as\/\">Les mer<\/a>\n                                    <p class=\"date\">22 \/ Nov \/ 2021<\/p>\n                                <\/div>\n                            <\/div>\n\n                                                                                                            \n                        \n                            <div class=\"columns small-12 medium-6\">\n                                <div class=\"article\">\n                                    <h4\n                                        style=\"color: \" \n                                        class=\"category-name\">Arrangementer                                    <\/h4>\n                                    <h3 class=\"title\">Innovasjonsdagen 30. november 2021<\/h3>\n\t\t\t\t\t\t\t\t\t<p class=\"excerpt dotify\">Vi har gleden av \u00e5 invitere deg til innovasjonsdag p\u00e5 Campus \u00c5s tirsdag den 30.november i Vitenparken p\u00e5 NMBU. P\u00e5 Innovasjonsdagen vil du bli kjent med\u2026<\/p>\n                                    <a class=\"button secondary\" href=\"https:\/\/ardinnovation.no\/innovasjonsdagen\/\">Les mer<\/a>\n                                    <p class=\"date\">27 \/ Aug \/ 2021<\/p>\n                                <\/div>\n                            <\/div>\n\n                                                                                                    <\/div>\n        <\/section>\n","protected":false},"excerpt":{"rendered":"","protected":false},"author":1,"featured_media":0,"parent":0,"menu_order":5,"comment_status":"closed","ping_status":"closed","template":"","meta":{"_acf_changed":false,"footnotes":""},"class_list":["post-1455","page","type-page","status-publish","hentry"],"acf":[],"_links":{"self":[{"href":"https:\/\/ardinnovation.no\/en\/wp-json\/wp\/v2\/pages\/1455"}],"collection":[{"href":"https:\/\/ardinnovation.no\/en\/wp-json\/wp\/v2\/pages"}],"about":[{"href":"https:\/\/ardinnovation.no\/en\/wp-json\/wp\/v2\/types\/page"}],"author":[{"embeddable":true,"href":"https:\/\/ardinnovation.no\/en\/wp-json\/wp\/v2\/users\/1"}],"replies":[{"embeddable":true,"href":"https:\/\/ardinnovation.no\/en\/wp-json\/wp\/v2\/comments?post=1455"}],"version-history":[{"count":0,"href":"https:\/\/ardinnovation.no\/en\/wp-json\/wp\/v2\/pages\/1455\/revisions"}],"wp:attachment":[{"href":"https:\/\/ardinnovation.no\/en\/wp-json\/wp\/v2\/media?parent=1455"}],"curies":[{"name":"wp","href":"https:\/\/api.w.org\/{rel}","templated":true}]}}