{"id":1308,"date":"2021-03-23T22:09:17","date_gmt":"2021-03-23T21:09:17","guid":{"rendered":"https:\/\/ardinnovation.no\/?page_id=1308"},"modified":"2024-08-06T07:50:26","modified_gmt":"2024-08-06T05:50:26","slug":"eiere-mandat-og-styre","status":"publish","type":"page","link":"https:\/\/ardinnovation.no\/en\/eiere-mandat-og-styre\/","title":{"rendered":"Owners, mandate, and board"},"content":{"rendered":"<section class=\"sub-page-hero\" >\n    <div class=\"row\">\n        <div class=\"columns small-12 large-6 large-offset-3\">\n\n            <h1 class=\"hero-title\">Owners, Mandate and Board<\/h1>\n\n                            <p class=\"hero-text\">Ard innovation contributes to increased value creation based on research, innovation and expertise from NMBU and NIBIO. Ard Innovation is owned 50% by NIBIO and 50% by NMBU. The company&#8217;s main purpose is the realization of work results and the development of a good environment for value creation at Campus \u00c5s.<\/p>\n            \n        <\/div>\n    <\/div>\n<\/section>\n\n\n\n<p><a href=\"https:\/\/ardinnovation.no\/wp-admin\/edit.php?post_type=page\"><\/a><\/p>\n\n\n<section class=\"text-and-image \">\n    <div class=\"row\">\n        <div class=\"columns small-12 large-5\">\n\n            <div class=\"text-wrapper\">\n                                    <h2 class=\"header\">NIBIO<\/h2>\n                \n                                    <p class=\"text\">NIBIO&#8217;s mission is to contribute to food security, sustainable resource management, innovation and value creation, both nationally and internationally. The institute delivers research-based knowledge of high quality and is a national leader in many subject areas. NIBIO must provide good decision-making bases for administration, business and society, ensure national professional preparedness and contribute to the development of the circular bioeconomy.<\/p>\n                \n                                    <a class=\"button secondary arrow on-right-to-right\" href=\"https:\/\/www.nibio.no\/om-nibio\/samfunnsoppdrag\" target=\"_blank\">NIBIO<\/a>\n                            <\/div>\n\n        <\/div>\n\n        <div class=\"columns small-12 large-6 large-offset-1\">\n            <div class=\"image-wrapper\">\n                                    <div class=\"image\" style=\"background-image: url(https:\/\/ardinnovation.no\/wp-content\/uploads\/2021\/04\/SKS_0072-scaled.jpg)\"><\/div>\n                    <div class=\"image-border\" style=\"border: solid 2px #ffbe9e\"><\/div>\n                            <\/div>\n        <\/div>\n    <\/div>\n<\/section>\n\n\n<section class=\"text-and-image text-on-right\">\n    <div class=\"row\">\n        <div class=\"columns small-12 large-5 large-offset-1\">\n\n            <div class=\"text-wrapper\">\n                                    <h2 class=\"header\">NMBU<\/h2>\n                \n                                    <p class=\"text\">NMBU will contribute to securing the future through outstanding research, education, communication and innovation. NMBU shall contribute to a knowledge-based and open public debate and contribute to raising the public&#8217;s confidence in research methods and results. NMBU has studies and research that address the major global issues of the environment, sustainable development, better public and animal health, climate challenges, renewable energy sources, food production and land and resource management.<\/p>\n                \n                                    <a class=\"button secondary arrow on-right-to-right\" href=\"https:\/\/www.nmbu.no\" target=\"_blank\">NMBU<\/a>\n                            <\/div>\n\n        <\/div>\n\n        <div class=\"columns small-12 large-6\">\n            <div class=\"image-wrapper\">\n                                    <div class=\"image\" style=\"background-image: url(https:\/\/ardinnovation.no\/wp-content\/uploads\/2021\/06\/NMBU-053278_kred-scaled.jpg)\"><\/div>\n                    <div class=\"image-border\" style=\"border: solid 2px #fff2c7\"><\/div>\n                            <\/div>\n        <\/div>\n    <\/div>\n<\/section>\n\n\n<section class=\"text-box\">\n\n    <div class=\"row\">\n        <div class=\"columns small-12 inner\">\n\n                            <h3 class=\"header\">Mandate and Goals<\/h3>\n            \n                            <div class=\"text\"><p>Ard Innovation has administrative responsibility for realizable research results from NIBIO and NMBU and the right to enter into agreements on behalf of the institution. The activity is regulated in cooperation agreements with NIBIO and NMBU and in annual agreements on service purchases. Ard was established in 2016.<\/p>\n<p>Solutions to many of today&#8217;s and future challenges can be found in the outstanding research results that employees at NIBIO and NMBU develop. Together with employees of our owners, Ard Innovation works to realize the most promising solutions. To succeed in this, we put the idea owner at the center and build the project together. This may take longer, but ensures loyalty to the process and increases the success rate. Ard Innovation&#8217;s mission is described in the service purchase agreements with NMBU and NIBIO, and we want to develop together with our owners for a better future.<\/p>\n<p>For NIBIO department S\u00e6rheim and NMBU department H\u00f8yland, we in Ard Innovation have an agreement with Valid\u00e9 that they will act as technology transfer office (TTO) for these departments.<\/p>\n<p>Ard Innovation follows the <a href=\"https:\/\/main-bvxea6i-kdsvgmpf4iwws.eu-5.platformsh.site\/sites\/default\/files\/2023-06\/Handlingsplan_likestillingmangfold2023.pdf\">equality plan<\/a> of NMBU.<\/p>\n<\/div>\n            \n            \n        <\/div>\n    <\/div>\n\n<\/section>\n\n\n\n<h1 class=\"wp-block-heading has-text-align-center\" style=\"font-size:59px\">Board<\/h1>\n\n\n<section class=\"employees\">\n\n    \n\n    <div class=\"row employees-has-border\">\n\n                    \n                \n\t\t\t\t\t<div class=\"columns small-12 large-6\">\n                        <div class=\"employee-card\">\n    <div class=\"card-inner\">\n        \n            <div class=\"image\"\n            style=\"background-image: url(https:\/\/ardinnovation.no\/wp-content\/uploads\/2021\/05\/camilla-232x232.jpg)\">\n            <\/div>\n            \n            <div class=\"text-wrapper\">\n                <div>\n                    <h3 class=\"name\">Camilla R\u00f8sj\u00f8<\/h3>\n                    <p class=\"position\">Chairman<\/p>\n                <\/div>\n\n                <h3 class=\"position-description\">Division director, Div. Food Science, Nofima<\/h3>\n\n                <div>\n                    <p class=\"phone\"><\/p>\n                    <p class=\"email\"><\/p>\n                <\/div>\n            <\/div>\n\n                        <\/div>\n<\/div>\n                    <\/div>\n\n                                                \n                \n\t\t\t\t\t<div class=\"columns small-12 large-6\">\n                        <div class=\"employee-card\">\n    <div class=\"card-inner\">\n        \n            <div class=\"image\"\n            style=\"background-image: url(https:\/\/ardinnovation.no\/wp-content\/uploads\/2021\/10\/per-232x232.jpg)\">\n            <\/div>\n            \n            <div class=\"text-wrapper\">\n                <div>\n                    <h3 class=\"name\">Per St\u00e5lnacke<\/h3>\n                    <p class=\"position\">Deputy Chairman<\/p>\n                <\/div>\n\n                <h3 class=\"position-description\">Director of Research, NIBIO<\/h3>\n\n                <div>\n                    <p class=\"phone\"><\/p>\n                    <p class=\"email\"><\/p>\n                <\/div>\n            <\/div>\n\n                        <\/div>\n<\/div>\n                    <\/div>\n\n                                                \n                \n\t\t\t\t\t<div class=\"columns small-12 large-6\">\n                        <div class=\"employee-card\">\n    <div class=\"card-inner\">\n        \n            <div class=\"image\"\n            style=\"background-image: url(https:\/\/ardinnovation.no\/wp-content\/uploads\/2021\/05\/solveig-232x232.jpg)\">\n            <\/div>\n            \n            <div class=\"text-wrapper\">\n                <div>\n                    <h3 class=\"name\">Solveig Fossum-Raunehaug<\/h3>\n                    <p class=\"position\">Board member<\/p>\n                <\/div>\n\n                <h3 class=\"position-description\">Senior Advisor, Department of Research, NMBU<\/h3>\n\n                <div>\n                    <p class=\"phone\"><\/p>\n                    <p class=\"email\"><\/p>\n                <\/div>\n            <\/div>\n\n                        <\/div>\n<\/div>\n                    <\/div>\n\n                                                \n                \n\t\t\t\t\t<div class=\"columns small-12 large-6\">\n                        <div class=\"employee-card\">\n    <div class=\"card-inner\">\n        \n            <div class=\"image\"\n            style=\"background-image: url(https:\/\/ardinnovation.no\/wp-content\/uploads\/2022\/05\/ellen2-2-232x232.jpg)\">\n            <\/div>\n            \n            <div class=\"text-wrapper\">\n                <div>\n                    <h3 class=\"name\">Ellen-Margrethe Hovland<\/h3>\n                    <p class=\"position\">Board member<\/p>\n                <\/div>\n\n                <h3 class=\"position-description\">Managing director, Norsk Fj\u00f8rfelag<\/h3>\n\n                <div>\n                    <p class=\"phone\"><\/p>\n                    <p class=\"email\"><\/p>\n                <\/div>\n            <\/div>\n\n                        <\/div>\n<\/div>\n                    <\/div>\n\n                                                \n                \n\t\t\t\t\t<div class=\"columns small-12 large-6\">\n                        <div class=\"employee-card\">\n    <div class=\"card-inner\">\n        \n            <div class=\"image\"\n            style=\"background-image: url(https:\/\/ardinnovation.no\/wp-content\/uploads\/2024\/06\/Gorm-foto-S-HV-002-232x232.jpg)\">\n            <\/div>\n            \n            <div class=\"text-wrapper\">\n                <div>\n                    <h3 class=\"name\">Gorm Thune<\/h3>\n                    <p class=\"position\">Board member<\/p>\n                <\/div>\n\n                <h3 class=\"position-description\">Adviser\/Project Manager, Lindum AS<\/h3>\n\n                <div>\n                    <p class=\"phone\"><\/p>\n                    <p class=\"email\"><\/p>\n                <\/div>\n            <\/div>\n\n                        <\/div>\n<\/div>\n                    <\/div>\n\n                                                \n                \n\t\t\t\t\t<div class=\"columns small-12 large-6\">\n                        <div class=\"employee-card\">\n    <div class=\"card-inner\">\n        \n            <div class=\"image\"\n            style=\"background-image: url(https:\/\/ardinnovation.no\/wp-content\/uploads\/2021\/05\/sundby-1-232x232.jpg)\">\n            <\/div>\n            \n            <div class=\"text-wrapper\">\n                <div>\n                    <h3 class=\"name\">Hans Christian Sundby<\/h3>\n                    <p class=\"position\">Deputy member<\/p>\n                <\/div>\n\n                <h3 class=\"position-description\">Director of Department, Financial management Section, NMBU<\/h3>\n\n                <div>\n                    <p class=\"phone\"><\/p>\n                    <p class=\"email\"><\/p>\n                <\/div>\n            <\/div>\n\n                        <\/div>\n<\/div>\n                    <\/div>\n\n                                                \n                \n\t\t\t\t\t<div class=\"columns small-12 large-6\">\n                        <div class=\"employee-card\">\n    <div class=\"card-inner\">\n        \n            <div class=\"image\"\n            style=\"background-image: url(https:\/\/ardinnovation.no\/wp-content\/uploads\/2021\/10\/gry-232x232.jpg)\">\n            <\/div>\n            \n            <div class=\"text-wrapper\">\n                <div>\n                    <h3 class=\"name\">Gry Alfredsen<\/h3>\n                    <p class=\"position\">Deputy member<\/p>\n                <\/div>\n\n                <h3 class=\"position-description\">Research Professor, Div. Forest and Forest Resources Wood Technology, NIBIO<\/h3>\n\n                <div>\n                    <p class=\"phone\"><\/p>\n                    <p class=\"email\"><\/p>\n                <\/div>\n            <\/div>\n\n                        <\/div>\n<\/div>\n                    <\/div>\n\n                                                        \n    <\/div>\n<\/section>\n\n\n<section class=\"text-and-image \">\n    <div class=\"row\">\n        <div class=\"columns small-12 large-5\">\n\n            <div class=\"text-wrapper\">\n                \n                \n                            <\/div>\n\n        <\/div>\n\n        <div class=\"columns small-12 large-6 large-offset-1\">\n            <div class=\"image-wrapper\">\n                            <\/div>\n        <\/div>\n    <\/div>\n<\/section>\n","protected":false},"excerpt":{"rendered":"<p>Board<\/p>\n","protected":false},"author":4,"featured_media":0,"parent":0,"menu_order":13,"comment_status":"closed","ping_status":"closed","template":"","meta":{"_acf_changed":false,"footnotes":""},"class_list":["post-1308","page","type-page","status-publish","hentry"],"acf":[],"_links":{"self":[{"href":"https:\/\/ardinnovation.no\/en\/wp-json\/wp\/v2\/pages\/1308"}],"collection":[{"href":"https:\/\/ardinnovation.no\/en\/wp-json\/wp\/v2\/pages"}],"about":[{"href":"https:\/\/ardinnovation.no\/en\/wp-json\/wp\/v2\/types\/page"}],"author":[{"embeddable":true,"href":"https:\/\/ardinnovation.no\/en\/wp-json\/wp\/v2\/users\/4"}],"replies":[{"embeddable":true,"href":"https:\/\/ardinnovation.no\/en\/wp-json\/wp\/v2\/comments?post=1308"}],"version-history":[{"count":0,"href":"https:\/\/ardinnovation.no\/en\/wp-json\/wp\/v2\/pages\/1308\/revisions"}],"wp:attachment":[{"href":"https:\/\/ardinnovation.no\/en\/wp-json\/wp\/v2\/media?parent=1308"}],"curies":[{"name":"wp","href":"https:\/\/api.w.org\/{rel}","templated":true}]}}